{"id":28,"date":"2021-11-01T11:22:07","date_gmt":"2021-11-01T10:22:07","guid":{"rendered":"https:\/\/kah-it.at\/index.php\/?page_id=28"},"modified":"2023-03-01T10:00:09","modified_gmt":"2023-03-01T09:00:09","slug":"test","status":"publish","type":"page","link":"https:\/\/kah-it.at\/index.php\/","title":{"rendered":"Kashofer IT-Services"},"content":{"rendered":"<div class=\"wp-block-image\">\n<figure class=\"aligncenter size-large is-resized\"><img loading=\"lazy\" decoding=\"async\" src=\"https:\/\/kah-it.at\/wp-content\/uploads\/2021\/11\/shome-1024x1024.png\" alt=\"\" class=\"wp-image-99\" width=\"512\" height=\"512\" srcset=\"https:\/\/kah-it.at\/wp-content\/uploads\/2021\/11\/shome-1024x1024.png 1024w, https:\/\/kah-it.at\/wp-content\/uploads\/2021\/11\/shome-300x300.png 300w, https:\/\/kah-it.at\/wp-content\/uploads\/2021\/11\/shome-150x150.png 150w, https:\/\/kah-it.at\/wp-content\/uploads\/2021\/11\/shome-768x768.png 768w, https:\/\/kah-it.at\/wp-content\/uploads\/2021\/11\/shome.png 1200w\" sizes=\"auto, (max-width: 512px) 100vw, 512px\" \/><\/figure>\n<\/div>\n\n\n<h2 class=\"wp-block-heading\">Smart Home<\/h2>\n\n\n\n<ul class=\"has-medium-font-size wp-block-list\">\n<li>Sie wollen Ihr eigenes <strong>Smart Home<\/strong> oder ein modernes <strong>Zutrittssystem<\/strong>? <\/li>\n\n\n\n<li>Sie w\u00fcnschen sich eine <strong>Poolsteuerung <\/strong>am Smartphone oder wollen Ihren <strong>Energieverbrauch <\/strong>steuern?<\/li>\n\n\n\n<li>Sie wollen eine <strong>Alarmierung <\/strong>am Smartphone bei Einbruch, Feuer oder Wasseraustritt?<\/li>\n<\/ul>\n\n\n\n<p class=\"has-medium-font-size\">Sprechen Sie mit mir \u00fcber Ihre Pl\u00e4ne, als <strong>Loxone Partner<\/strong> bin ich in der Lage Ihre Vorstellungen zu planen und in Zusammenarbeit mit Elektrikern zu verwirklichen.<\/p>\n\n\n\n<hr class=\"wp-block-separator has-css-opacity\"\/>\n\n\n\n<h2 class=\"wp-block-heading\">Wireless LAN<\/h2>\n\n\n\n<ul class=\"has-medium-font-size wp-block-list\">\n<li>Die <strong>Abdeckung Ihres WLAN<\/strong> zu Hause reicht nicht in jede Etage?<\/li>\n\n\n\n<li>Sie wollen auch im <strong>Garten Empfang<\/strong>?<\/li>\n<\/ul>\n\n\n\n<p class=\"has-medium-font-size\">Professionelle WLAN-Systeme bringen Unternehmensl\u00f6sungen f\u00fcr jeden leistbar ins Eigenheim.<\/p>\n\n\n\n<p class=\"has-medium-font-size\">Per Kabel oder per Funk, Vernetzung im Haushalt mit Netzwerkkomponenten wird immer \u00f6fter erforderlich. Egal ob Mesh-WLAN zur Reichweitenvergr\u00f6\u00dferung oder Outdoor-L\u00f6sungen und Enterprise-Systeme, ich finde garantiert die passende L\u00f6sung f\u00fcr Sie.<\/p>\n\n\n\n<hr class=\"wp-block-separator has-css-opacity\"\/>\n\n\n<div class=\"wp-block-image\">\n<figure class=\"aligncenter size-large is-resized\"><img loading=\"lazy\" decoding=\"async\" src=\"https:\/\/kah-it.at\/wp-content\/uploads\/2021\/11\/voip-1024x660.png\" alt=\"\" class=\"wp-image-107\" width=\"512\" height=\"330\" srcset=\"https:\/\/kah-it.at\/wp-content\/uploads\/2021\/11\/voip-1024x660.png 1024w, https:\/\/kah-it.at\/wp-content\/uploads\/2021\/11\/voip-300x193.png 300w, https:\/\/kah-it.at\/wp-content\/uploads\/2021\/11\/voip-768x495.png 768w, https:\/\/kah-it.at\/wp-content\/uploads\/2021\/11\/voip.png 1500w\" sizes=\"auto, (max-width: 512px) 100vw, 512px\" \/><\/figure>\n<\/div>\n\n\n<h2 class=\"wp-block-heading\">Voice over IP | Cloud-Telefonanlagen | Business-Internetzug\u00e4nge<\/h2>\n\n\n\n<p class=\"has-medium-font-size\">Mit der Partnerfirma HostProfis bin ich in der Lage Ihre alte Telefonanlage durch eine zeitgerechte Kommunikationsl\u00f6sung zu ersetzen. Behalten Sie Ihre Festnetzrufnummer, sparen Sie dabei Kosten und machen Sie Ihren PC sowie Ihr Smartphone zur IP-Nebenstelle um ortsunabh\u00e4ngig erreichbar zu sein. Bei Interesse gibt es eine kostenlose Erstberatung!<\/p>\n\n\n\n<hr class=\"wp-block-separator has-css-opacity\"\/>\n","protected":false},"excerpt":{"rendered":"<p>Smart Home Sprechen Sie mit mir \u00fcber Ihre Pl\u00e4ne, als Loxone Partner bin ich in der Lage Ihre Vorstellungen zu planen und in Zusammenarbeit mit Elektrikern zu verwirklichen. Wireless LAN Professionelle WLAN-Systeme bringen Unternehmensl\u00f6sungen f\u00fcr jeden leistbar ins Eigenheim. Per Kabel oder per Funk, Vernetzung im Haushalt mit Netzwerkkomponenten wird immer \u00f6fter erforderlich. Egal ob <a class=\"read-more\" href=\"https:\/\/kah-it.at\/index.php\/\">READ MORE<\/a><\/p>\n","protected":false},"author":1,"featured_media":0,"parent":0,"menu_order":0,"comment_status":"closed","ping_status":"closed","template":"","meta":{"footnotes":""},"class_list":["post-28","page","type-page","status-publish","hentry"],"_links":{"self":[{"href":"https:\/\/kah-it.at\/index.php\/wp-json\/wp\/v2\/pages\/28","targetHints":{"allow":["GET"]}}],"collection":[{"href":"https:\/\/kah-it.at\/index.php\/wp-json\/wp\/v2\/pages"}],"about":[{"href":"https:\/\/kah-it.at\/index.php\/wp-json\/wp\/v2\/types\/page"}],"author":[{"embeddable":true,"href":"https:\/\/kah-it.at\/index.php\/wp-json\/wp\/v2\/users\/1"}],"replies":[{"embeddable":true,"href":"https:\/\/kah-it.at\/index.php\/wp-json\/wp\/v2\/comments?post=28"}],"version-history":[{"count":9,"href":"https:\/\/kah-it.at\/index.php\/wp-json\/wp\/v2\/pages\/28\/revisions"}],"predecessor-version":[{"id":187,"href":"https:\/\/kah-it.at\/index.php\/wp-json\/wp\/v2\/pages\/28\/revisions\/187"}],"wp:attachment":[{"href":"https:\/\/kah-it.at\/index.php\/wp-json\/wp\/v2\/media?parent=28"}],"curies":[{"name":"wp","href":"https:\/\/api.w.org\/{rel}","templated":true}]}}